{"id":1310,"date":"2025-07-23T22:33:48","date_gmt":"2025-07-23T22:33:48","guid":{"rendered":"https:\/\/www.foroconvivenciacordoba.org\/budget-previsionnel\/"},"modified":"2026-05-03T15:09:43","modified_gmt":"2026-05-03T15:09:43","slug":"budget-previsionnel","status":"publish","type":"page","link":"https:\/\/www.foroconvivenciacordoba.org\/fr\/budget-previsionnel\/","title":{"rendered":"Budget provisoire II Forum de Cordoue"},"content":{"rendered":"\n<p><\/p>\n<style>.kb-row-layout-id1057_aa74fc-6b > .kt-row-column-wrap{align-content:start;}:where(.kb-row-layout-id1057_aa74fc-6b > .kt-row-column-wrap) > .wp-block-kadence-column{justify-content:start;}.kb-row-layout-id1057_aa74fc-6b > .kt-row-column-wrap{column-gap:var(--global-kb-gap-md, 2rem);row-gap:var(--global-kb-gap-md, 2rem);max-width:var( --global-content-width, 1290px );padding-left:var(--global-content-edge-padding);padding-right:var(--global-content-edge-padding);padding-top:150px;padding-bottom:80px;grid-template-columns:minmax(0, 1fr);}.kb-row-layout-id1057_aa74fc-6b{background-image:url('https:\/\/www.foroconvivenciacordoba.org\/wp-content\/uploads\/2025\/07\/04-Presupuesto.jpg');background-size:cover;background-position:66% 81%;background-attachment:scroll;background-repeat:no-repeat;}.kb-row-layout-id1057_aa74fc-6b > .kt-row-layout-overlay{opacity:0.85;background:linear-gradient(135deg,var(--global-palette1) 0%,rgba(20,39,109,0) 100%);}@media all and (max-width: 1024px){.kb-row-layout-id1057_aa74fc-6b > .kt-row-column-wrap{grid-template-columns:minmax(0, 1fr);}}@media all and (max-width: 767px){.kb-row-layout-id1057_aa74fc-6b > .kt-row-column-wrap{grid-template-columns:minmax(0, 1fr);}}<\/style><div class=\"kb-row-layout-wrap kb-row-layout-id1057_aa74fc-6b alignnone kt-row-has-bg wp-block-kadence-rowlayout\"><div class=\"kt-row-layout-overlay kt-row-overlay-gradient\"><\/div><div class=\"kt-row-column-wrap kt-has-1-columns kt-row-layout-equal kt-tab-layout-inherit kt-mobile-layout-row kt-row-valign-top kb-theme-content-width\">\n<style>.kadence-column1057_705354-5c > .kt-inside-inner-col,.kadence-column1057_705354-5c > .kt-inside-inner-col:before{border-top-left-radius:0px;border-top-right-radius:0px;border-bottom-right-radius:0px;border-bottom-left-radius:0px;}.kadence-column1057_705354-5c > .kt-inside-inner-col{column-gap:var(--global-kb-gap-sm, 1rem);}.kadence-column1057_705354-5c > .kt-inside-inner-col{flex-direction:column;}.kadence-column1057_705354-5c > .kt-inside-inner-col > .aligncenter{width:100%;}.kadence-column1057_705354-5c > .kt-inside-inner-col:before{opacity:0.3;}.kadence-column1057_705354-5c{position:relative;}@media all and (max-width: 1024px){.kadence-column1057_705354-5c > .kt-inside-inner-col{flex-direction:column;justify-content:center;}}@media all and (max-width: 767px){.kadence-column1057_705354-5c > .kt-inside-inner-col{flex-direction:column;justify-content:center;}}<\/style>\n<div class=\"wp-block-kadence-column kadence-column1057_705354-5c inner-column-1\"><div class=\"kt-inside-inner-col\"><style>.wp-block-kadence-advancedheading.kt-adv-heading1057_6f07d7-33, .wp-block-kadence-advancedheading.kt-adv-heading1057_6f07d7-33[data-kb-block=\"kb-adv-heading1057_6f07d7-33\"]{text-align:center;font-style:normal;}.wp-block-kadence-advancedheading.kt-adv-heading1057_6f07d7-33 mark.kt-highlight, .wp-block-kadence-advancedheading.kt-adv-heading1057_6f07d7-33[data-kb-block=\"kb-adv-heading1057_6f07d7-33\"] mark.kt-highlight{font-style:normal;color:#f76a0c;-webkit-box-decoration-break:clone;box-decoration-break:clone;padding-top:0px;padding-right:0px;padding-bottom:0px;padding-left:0px;}.wp-block-kadence-advancedheading.kt-adv-heading1057_6f07d7-33 img.kb-inline-image, .wp-block-kadence-advancedheading.kt-adv-heading1057_6f07d7-33[data-kb-block=\"kb-adv-heading1057_6f07d7-33\"] img.kb-inline-image{width:150px;vertical-align:baseline;}<\/style>\n<h1 class=\"kt-adv-heading1057_6f07d7-33 titulo-pagina-foro wp-block-kadence-advancedheading has-theme-palette-9-color has-text-color\" data-kb-block=\"kb-adv-heading1057_6f07d7-33\">Budget provisoire<\/h1>\n\n\n<style>.wp-block-kadence-advancedheading.kt-adv-heading1057_75f423-94, .wp-block-kadence-advancedheading.kt-adv-heading1057_75f423-94[data-kb-block=\"kb-adv-heading1057_75f423-94\"]{text-align:center;font-style:normal;}.wp-block-kadence-advancedheading.kt-adv-heading1057_75f423-94 mark.kt-highlight, .wp-block-kadence-advancedheading.kt-adv-heading1057_75f423-94[data-kb-block=\"kb-adv-heading1057_75f423-94\"] mark.kt-highlight{font-style:normal;color:#f76a0c;-webkit-box-decoration-break:clone;box-decoration-break:clone;padding-top:0px;padding-right:0px;padding-bottom:0px;padding-left:0px;}.wp-block-kadence-advancedheading.kt-adv-heading1057_75f423-94 img.kb-inline-image, .wp-block-kadence-advancedheading.kt-adv-heading1057_75f423-94[data-kb-block=\"kb-adv-heading1057_75f423-94\"] img.kb-inline-image{width:150px;vertical-align:baseline;}<\/style>\n<p class=\"kt-adv-heading1057_75f423-94 wp-block-kadence-advancedheading has-theme-palette-9-color has-text-color\" data-kb-block=\"kb-adv-heading1057_75f423-94\">II Forum de Cordoue<\/p>\n<\/div><\/div>\n\n<\/div><\/div><style>.kb-row-layout-id1057_85ee6a-2a > .kt-row-column-wrap{align-content:start;}:where(.kb-row-layout-id1057_85ee6a-2a > .kt-row-column-wrap) > .wp-block-kadence-column{justify-content:start;}.kb-row-layout-id1057_85ee6a-2a > .kt-row-column-wrap{column-gap:var(--global-kb-gap-md, 2rem);row-gap:var(--global-kb-gap-md, 2rem);max-width:var( --global-content-width, 1290px );padding-left:var(--global-content-edge-padding);padding-right:var(--global-content-edge-padding);padding-top:var(--global-kb-spacing-sm, 1.5rem);padding-bottom:var(--global-kb-spacing-sm, 1.5rem);grid-template-columns:minmax(0, 1fr);}.kb-row-layout-id1057_85ee6a-2a > .kt-row-layout-overlay{opacity:0.30;}@media all and (max-width: 1024px){.kb-row-layout-id1057_85ee6a-2a > .kt-row-column-wrap{grid-template-columns:minmax(0, 1fr);}}@media all and (max-width: 767px){.kb-row-layout-id1057_85ee6a-2a > .kt-row-column-wrap{grid-template-columns:minmax(0, 1fr);}}<\/style><div class=\"kb-row-layout-wrap kb-row-layout-id1057_85ee6a-2a alignnone wp-block-kadence-rowlayout\"><div class=\"kt-row-column-wrap kt-has-1-columns kt-row-layout-equal kt-tab-layout-inherit kt-mobile-layout-row kt-row-valign-top kb-theme-content-width\">\n<style>.kadence-column1057_6df151-90 > .kt-inside-inner-col,.kadence-column1057_6df151-90 > .kt-inside-inner-col:before{border-top-left-radius:0px;border-top-right-radius:0px;border-bottom-right-radius:0px;border-bottom-left-radius:0px;}.kadence-column1057_6df151-90 > .kt-inside-inner-col{column-gap:var(--global-kb-gap-sm, 1rem);}.kadence-column1057_6df151-90 > .kt-inside-inner-col{flex-direction:column;}.kadence-column1057_6df151-90 > .kt-inside-inner-col > .aligncenter{width:100%;}.kadence-column1057_6df151-90 > .kt-inside-inner-col:before{opacity:0.3;}.kadence-column1057_6df151-90{position:relative;}@media all and (max-width: 1024px){.kadence-column1057_6df151-90 > .kt-inside-inner-col{flex-direction:column;justify-content:center;}}@media all and (max-width: 767px){.kadence-column1057_6df151-90 > .kt-inside-inner-col{flex-direction:column;justify-content:center;}}<\/style>\n<div class=\"wp-block-kadence-column kadence-column1057_6df151-90\"><div class=\"kt-inside-inner-col\">\n<p>Il s\u2019agit d\u2019un budget provisoire pour le II Forum de Cordoue, fond\u00e9 sur l\u2019exp\u00e9rience du I Forum de Cordoue en 2019, dont le budget pr\u00e9visionnel s\u2019\u00e9levait \u00e0 environ 160.000 \u20ac et qui a \u00e9t\u00e9 globalement respect\u00e9.<\/p>\n\n\n\n<p>Ce budget correspond aux co\u00fbts n\u00e9cessaires \u00e0 l\u2019organisation de l\u2019\u00e9v\u00e9nement et pourra \u00eatre ajust\u00e9 en fonction des besoins et des conditions de mise en \u0153uvre.<\/p>\n<\/div><\/div>\n\n<\/div><\/div><style>.kb-row-layout-id1057_8f0de7-91 > .kt-row-column-wrap{align-content:start;}:where(.kb-row-layout-id1057_8f0de7-91 > .kt-row-column-wrap) > .wp-block-kadence-column{justify-content:start;}.kb-row-layout-id1057_8f0de7-91 > .kt-row-column-wrap{column-gap:var(--global-kb-gap-md, 2rem);row-gap:var(--global-kb-gap-md, 2rem);max-width:var( --global-content-width, 1290px );padding-left:var(--global-content-edge-padding);padding-right:var(--global-content-edge-padding);padding-top:var(--global-kb-spacing-md, 2rem);padding-right:var(--global-kb-spacing-sm, 1.5rem);padding-bottom:var(--global-kb-spacing-md, 2rem);grid-template-columns:minmax(0, 1fr);}.kb-row-layout-id1057_8f0de7-91 > .kt-row-layout-overlay{opacity:0.30;}@media all and (max-width: 1024px){.kb-row-layout-id1057_8f0de7-91 > .kt-row-column-wrap{grid-template-columns:minmax(0, 1fr);}}@media all and (max-width: 767px){.kb-row-layout-id1057_8f0de7-91 > .kt-row-column-wrap{grid-template-columns:minmax(0, 1fr);}}<\/style><div class=\"kb-row-layout-wrap kb-row-layout-id1057_8f0de7-91 alignnone wp-block-kadence-rowlayout\"><div class=\"kt-row-column-wrap kt-has-1-columns kt-row-layout-equal kt-tab-layout-inherit kt-mobile-layout-row kt-row-valign-top kb-theme-content-width\">\n<style>.kadence-column1057_c60ec0-1a > .kt-inside-inner-col,.kadence-column1057_c60ec0-1a > .kt-inside-inner-col:before{border-top-left-radius:0px;border-top-right-radius:0px;border-bottom-right-radius:0px;border-bottom-left-radius:0px;}.kadence-column1057_c60ec0-1a > .kt-inside-inner-col{column-gap:var(--global-kb-gap-sm, 1rem);}.kadence-column1057_c60ec0-1a > .kt-inside-inner-col{flex-direction:column;}.kadence-column1057_c60ec0-1a > .kt-inside-inner-col > .aligncenter{width:100%;}.kadence-column1057_c60ec0-1a > .kt-inside-inner-col:before{opacity:0.3;}.kadence-column1057_c60ec0-1a{position:relative;}@media all and (max-width: 1024px){.kadence-column1057_c60ec0-1a > .kt-inside-inner-col{flex-direction:column;justify-content:center;}}@media all and (max-width: 767px){.kadence-column1057_c60ec0-1a > .kt-inside-inner-col{flex-direction:column;justify-content:center;}}<\/style>\n<div class=\"wp-block-kadence-column kadence-column1057_c60ec0-1a\"><div class=\"kt-inside-inner-col\">\n<h2 class=\"wp-block-heading has-theme-palette-1-color has-text-color has-link-color wp-elements-894b7d61977affe95f613ffa8d9fa8f6\" style=\"border-top-style:none;border-top-width:0px;border-right-style:none;border-right-width:0px;border-bottom-color:var(--wp--preset--color--theme-palette-1);border-bottom-width:1px;border-left-style:none;border-left-width:0px\"><strong>Budget provisoire<\/strong><\/h2>\n\n\n\n<figure class=\"wp-block-table is-style-stripes\" style=\"margin-top:0;margin-right:var(--wp--preset--spacing--30);margin-bottom:0;margin-left:var(--wp--preset--spacing--20)\"><table style=\"border-style:none;border-width:0px\"><tbody><tr><td class=\"has-text-align-left\" data-align=\"left\">Communication et site web : conception, d\u00e9veloppement et suivi<\/td><td class=\"has-text-align-right\" data-align=\"right\">15 000 \u20ac<\/td><\/tr><tr><td class=\"has-text-align-left\" data-align=\"left\">Espaces et logistique (Palais des Congr\u00e8s) : salle pl\u00e9ni\u00e8re, salle secondaire, cabines et support technique de base<\/td><td class=\"has-text-align-right\" data-align=\"right\">10 000 \u20ac<\/td><\/tr><tr><td class=\"has-text-align-left\" data-align=\"left\">Restauration : 3 pauses-caf\u00e9 et 2 d\u00e9jeuners buffet<\/td><td class=\"has-text-align-right\" data-align=\"right\">9 500 \u20ac<\/td><\/tr><tr><td class=\"has-text-align-left\" data-align=\"left\">Interpr\u00e9tation simultan\u00e9e (4 langues) : \u00e9quipe compl\u00e8te et rotation des interpr\u00e8tes<\/td><td class=\"has-text-align-right\" data-align=\"right\">12 000 \u20ac<\/td><\/tr><tr><td class=\"has-text-align-left\" data-align=\"left\">Mat\u00e9riel des participants: accr\u00e9ditations, documentation et welcome pack<\/td><td class=\"has-text-align-right\" data-align=\"right\">4 000 \u20ac<\/td><\/tr><tr><td class=\"has-text-align-left\" data-align=\"left\">Secr\u00e9tariat technique, coordination et production<\/td><td class=\"has-text-align-right\" data-align=\"right\">40 000 \u20ac<\/td><\/tr><tr><td class=\"has-text-align-left\" data-align=\"left\">H\u00e9bergement des intervenants et de l\u2019organisation<\/td><td class=\"has-text-align-right\" data-align=\"right\">6 500 \u20ac<\/td><\/tr><tr><td class=\"has-text-align-left\" data-align=\"left\">Transport national (train + transferts)<\/td><td class=\"has-text-align-right\" data-align=\"right\">3 500 \u20ac<\/td><\/tr><tr><td class=\"has-text-align-left\" data-align=\"left\">Transport international<\/td><td class=\"has-text-align-right\" data-align=\"right\">7 500 \u20ac<\/td><\/tr><tr><td class=\"has-text-align-left\" data-align=\"left\">Assurance de l\u2019\u00e9v\u00e9nement<\/td><td class=\"has-text-align-right\" data-align=\"right\">2 500 \u20ac<\/td><\/tr><tr><td class=\"has-text-align-left\" data-align=\"left\">Impr\u00e9vus<\/td><td class=\"has-text-align-right\" data-align=\"right\">9 500 \u20ac<\/td><\/tr><tr><td class=\"has-text-align-left\" data-align=\"left\"><\/td><td class=\"has-text-align-right\" data-align=\"right\"><\/td><\/tr><\/tbody><\/table><\/figure>\n\n\n\n<figure class=\"wp-block-table is-style-stripes\" style=\"margin-top:0;margin-right:var(--wp--preset--spacing--30);margin-bottom:0;margin-left:var(--wp--preset--spacing--20);font-size:20px\"><table style=\"border-style:none;border-width:0px\"><tbody><tr><td class=\"has-text-align-right\" data-align=\"right\"><strong>Total approximatif<\/strong><\/td><td class=\"has-text-align-right\" data-align=\"right\"><strong>120 000 \u20ac<\/strong><\/td><\/tr><\/tbody><\/table><\/figure>\n\n\n\n<figure class=\"wp-block-table is-style-regular\" style=\"margin-top:0;margin-right:var(--wp--preset--spacing--30);margin-bottom:0;margin-left:var(--wp--preset--spacing--20)\"><table style=\"border-style:none;border-width:0px\"><tbody><tr><td class=\"has-text-align-left\" data-align=\"left\">R\u00e9serve strat\u00e9gique (III Forum)<\/td><td class=\"has-text-align-right\" data-align=\"right\">30 000 \u20ac <\/td><\/tr><\/tbody><\/table><\/figure>\n\n\n\n<figure class=\"wp-block-table is-style-stripes\" style=\"margin-top:0;margin-right:var(--wp--preset--spacing--30);margin-bottom:0;margin-left:var(--wp--preset--spacing--20);font-size:20px\"><table style=\"border-style:none;border-width:0px\"><tbody><tr><td class=\"has-text-align-right\" data-align=\"right\"><strong>Financement \u00e0 rechercher<\/strong><\/td><td class=\"has-text-align-right\" data-align=\"right\"><strong>150 000 \u20ac<\/strong><\/td><\/tr><\/tbody><\/table><\/figure>\n\n\n\n<hr class=\"wp-block-separator has-text-color has-theme-palette-1-color has-alpha-channel-opacity has-theme-palette-1-background-color has-background is-style-wide\" style=\"margin-top:var(--wp--preset--spacing--50);margin-bottom:var(--wp--preset--spacing--50)\"\/>\n<\/div><\/div>\n\n<\/div><\/div><style>.kb-row-layout-id1450_a8ede9-7d > .kt-row-column-wrap{align-content:start;}:where(.kb-row-layout-id1450_a8ede9-7d > .kt-row-column-wrap) > .wp-block-kadence-column{justify-content:start;}.kb-row-layout-id1450_a8ede9-7d > .kt-row-column-wrap{column-gap:var(--global-kb-gap-md, 2rem);row-gap:var(--global-kb-gap-md, 2rem);max-width:700px;margin-left:auto;margin-right:auto;padding-top:100px;padding-bottom:100px;grid-template-columns:minmax(0, 1fr);}.kb-row-layout-id1450_a8ede9-7d > .kt-row-layout-overlay{opacity:0.55;background-color:var(--global-palette3, #1A202C);}.kb-row-layout-id1450_a8ede9-7d .kt-row-layout-top-sep{height:100px;}.kb-row-layout-id1450_a8ede9-7d .kt-row-layout-top-sep svg{width:100%;}.kb-row-layout-id1450_a8ede9-7d .kt-row-layout-top-sep svg{fill:#ffffff!important;}@media all and (max-width: 1024px){.kb-row-layout-id1450_a8ede9-7d > .kt-row-column-wrap{grid-template-columns:minmax(0, 1fr);}}@media all and (max-width: 767px){.kb-row-layout-id1450_a8ede9-7d > .kt-row-column-wrap{grid-template-columns:minmax(0, 1fr);}}<\/style><div class=\"kb-row-layout-wrap kb-row-layout-id1450_a8ede9-7d alignnone has-theme-palette1-background-color kt-row-has-bg wp-block-kadence-rowlayout\"><div class=\"kt-row-layout-overlay kt-row-overlay-normal\"><\/div><div class=\"kt-row-layout-top-sep kt-row-sep-type-crvi\"><svg viewBox=\"0 0 1000 100\" preserveAspectRatio=\"none\"><path d=\"M1000,0c0,0 -270.987,98 -500,98c-229.013,0 -500,-98 -500,-98l0,100l1000,0l0,-100Z\" \/><\/svg><\/div><div class=\"kt-row-column-wrap kt-has-1-columns kt-row-layout-equal kt-tab-layout-inherit kt-mobile-layout-row kt-row-valign-top\">\n<style>.kadence-column1450_52cdb0-69 > .kt-inside-inner-col,.kadence-column1450_52cdb0-69 > .kt-inside-inner-col:before{border-top-left-radius:0px;border-top-right-radius:0px;border-bottom-right-radius:0px;border-bottom-left-radius:0px;}.kadence-column1450_52cdb0-69 > .kt-inside-inner-col{column-gap:var(--global-kb-gap-sm, 1rem);}.kadence-column1450_52cdb0-69 > .kt-inside-inner-col{flex-direction:column;}.kadence-column1450_52cdb0-69 > .kt-inside-inner-col > .aligncenter{width:100%;}.kadence-column1450_52cdb0-69 > .kt-inside-inner-col:before{opacity:0.3;}.kadence-column1450_52cdb0-69{position:relative;}@media all and (max-width: 1024px){.kadence-column1450_52cdb0-69 > .kt-inside-inner-col{flex-direction:column;justify-content:center;}}@media all and (max-width: 767px){.kadence-column1450_52cdb0-69 > .kt-inside-inner-col{flex-direction:column;justify-content:center;}}<\/style>\n<div class=\"wp-block-kadence-column kadence-column1450_52cdb0-69 inner-column-1\"><div class=\"kt-inside-inner-col\"><style>.wp-block-kadence-advancedheading.kt-adv-heading1450_e85714-65, .wp-block-kadence-advancedheading.kt-adv-heading1450_e85714-65[data-kb-block=\"kb-adv-heading1450_e85714-65\"]{text-align:center;font-style:normal;}.wp-block-kadence-advancedheading.kt-adv-heading1450_e85714-65 mark.kt-highlight, .wp-block-kadence-advancedheading.kt-adv-heading1450_e85714-65[data-kb-block=\"kb-adv-heading1450_e85714-65\"] mark.kt-highlight{font-style:normal;color:#f76a0c;-webkit-box-decoration-break:clone;box-decoration-break:clone;padding-top:0px;padding-right:0px;padding-bottom:0px;padding-left:0px;}.wp-block-kadence-advancedheading.kt-adv-heading1450_e85714-65 img.kb-inline-image, .wp-block-kadence-advancedheading.kt-adv-heading1450_e85714-65[data-kb-block=\"kb-adv-heading1450_e85714-65\"] img.kb-inline-image{width:150px;vertical-align:baseline;}<\/style>\n<h6 class=\"kt-adv-heading1450_e85714-65 wp-block-kadence-advancedheading has-theme-palette-9-color has-text-color\" data-kb-block=\"kb-adv-heading1450_e85714-65\">AIDEZ LE FORUM<\/h6>\n\n\n<style>.wp-block-kadence-advancedheading.kt-adv-heading1450_c2ad81-1d, .wp-block-kadence-advancedheading.kt-adv-heading1450_c2ad81-1d[data-kb-block=\"kb-adv-heading1450_c2ad81-1d\"]{text-align:center;font-style:normal;}.wp-block-kadence-advancedheading.kt-adv-heading1450_c2ad81-1d mark.kt-highlight, .wp-block-kadence-advancedheading.kt-adv-heading1450_c2ad81-1d[data-kb-block=\"kb-adv-heading1450_c2ad81-1d\"] mark.kt-highlight{font-style:normal;color:#f76a0c;-webkit-box-decoration-break:clone;box-decoration-break:clone;padding-top:0px;padding-right:0px;padding-bottom:0px;padding-left:0px;}.wp-block-kadence-advancedheading.kt-adv-heading1450_c2ad81-1d img.kb-inline-image, .wp-block-kadence-advancedheading.kt-adv-heading1450_c2ad81-1d[data-kb-block=\"kb-adv-heading1450_c2ad81-1d\"] img.kb-inline-image{width:150px;vertical-align:baseline;}<\/style>\n<h2 class=\"kt-adv-heading1450_c2ad81-1d wp-block-kadence-advancedheading has-theme-palette-9-color has-text-color\" data-kb-block=\"kb-adv-heading1450_c2ad81-1d\">Collaborez avec nous<\/h2>\n\n\n<style>.wp-block-kadence-advancedheading.kt-adv-heading1450_f7e716-44, .wp-block-kadence-advancedheading.kt-adv-heading1450_f7e716-44[data-kb-block=\"kb-adv-heading1450_f7e716-44\"]{text-align:center;font-style:normal;}.wp-block-kadence-advancedheading.kt-adv-heading1450_f7e716-44 mark.kt-highlight, .wp-block-kadence-advancedheading.kt-adv-heading1450_f7e716-44[data-kb-block=\"kb-adv-heading1450_f7e716-44\"] mark.kt-highlight{font-style:normal;color:#f76a0c;-webkit-box-decoration-break:clone;box-decoration-break:clone;padding-top:0px;padding-right:0px;padding-bottom:0px;padding-left:0px;}.wp-block-kadence-advancedheading.kt-adv-heading1450_f7e716-44 img.kb-inline-image, .wp-block-kadence-advancedheading.kt-adv-heading1450_f7e716-44[data-kb-block=\"kb-adv-heading1450_f7e716-44\"] img.kb-inline-image{width:150px;vertical-align:baseline;}<\/style>\n<p class=\"kt-adv-heading1450_f7e716-44 wp-block-kadence-advancedheading has-theme-palette-9-color has-text-color\" data-kb-block=\"kb-adv-heading1450_f7e716-44\">Le Forum de Cordoue est une initiative ind\u00e9pendante et sans but lucratif. Votre soutien nous aide \u00e0 continuer \u00e0 promouvoir des espaces de dialogue et de convivance.&nbsp;&nbsp;<\/p>\n\n\n<style>.wp-block-kadence-advancedbtn.kb-btns1450_bcf7f9-bf{gap:var(--global-kb-gap-xs, 0.5rem );justify-content:center;align-items:center;}.kt-btns1450_bcf7f9-bf .kt-button{font-weight:normal;font-style:normal;}<\/style>\n<div class=\"wp-block-kadence-advancedbtn kb-buttons-wrap kb-btns1450_bcf7f9-bf\"><style>ul.menu .wp-block-kadence-advancedbtn .kb-btn1450_6fa645-8a.kb-button{width:initial;}.wp-block-kadence-advancedbtn .kb-btn1450_6fa645-8a.kb-button{color:var(--global-palette1, #3182CE);background:var(--global-palette9, #ffffff);}<\/style><a class=\"kb-button kt-button button kb-btn1450_6fa645-8a kt-btn-size-standard kt-btn-width-type-auto kb-btn-global-inherit  kt-btn-has-text-true kt-btn-has-svg-false  wp-block-button__link wp-block-kadence-singlebtn\" href=\"https:\/\/www.foroconvivenciacordoba.org\/fr\/contact\/\"><span class=\"kt-btn-inner-text\">SOUTENEZ-NOUS<\/span><\/a><\/div>\n<\/div><\/div>\n\n<\/div><\/div>","protected":false},"excerpt":{"rendered":"<p>Budget provisoire II Forum de Cordoue Il s\u2019agit d\u2019un budget provisoire pour le II Forum de Cordoue, fond\u00e9 sur l\u2019exp\u00e9rience du I Forum de Cordoue en 2019, dont le budget pr\u00e9visionnel s\u2019\u00e9levait \u00e0 environ 160.000 \u20ac et qui a \u00e9t\u00e9 globalement respect\u00e9. Ce budget correspond aux co\u00fbts n\u00e9cessaires \u00e0 l\u2019organisation de l\u2019\u00e9v\u00e9nement et pourra \u00eatre&#8230;<\/p>\n","protected":false},"author":1,"featured_media":1248,"parent":0,"menu_order":0,"comment_status":"closed","ping_status":"closed","template":"","meta":{"_kad_blocks_custom_css":"","_kad_blocks_head_custom_js":"","_kad_blocks_body_custom_js":"","_kad_blocks_footer_custom_js":"","_kadence_starter_templates_imported_post":false,"_kad_post_transparent":"","_kad_post_title":"","_kad_post_layout":"","_kad_post_sidebar_id":"","_kad_post_content_style":"","_kad_post_vertical_padding":"","_kad_post_feature":"","_kad_post_feature_position":"","_kad_post_header":false,"_kad_post_footer":false,"footnotes":""},"class_list":["post-1310","page","type-page","status-publish","has-post-thumbnail","hentry"],"taxonomy_info":[],"featured_image_src_large":["https:\/\/www.foroconvivenciacordoba.org\/wp-content\/uploads\/2021\/10\/About-scaled-1-573x1024.jpeg",573,1024,true],"author_info":{"display_name":"administrador","author_link":"https:\/\/www.foroconvivenciacordoba.org\/fr\/author\/administrador\/"},"comment_info":0,"_links":{"self":[{"href":"https:\/\/www.foroconvivenciacordoba.org\/fr\/wp-json\/wp\/v2\/pages\/1310","targetHints":{"allow":["GET"]}}],"collection":[{"href":"https:\/\/www.foroconvivenciacordoba.org\/fr\/wp-json\/wp\/v2\/pages"}],"about":[{"href":"https:\/\/www.foroconvivenciacordoba.org\/fr\/wp-json\/wp\/v2\/types\/page"}],"author":[{"embeddable":true,"href":"https:\/\/www.foroconvivenciacordoba.org\/fr\/wp-json\/wp\/v2\/users\/1"}],"replies":[{"embeddable":true,"href":"https:\/\/www.foroconvivenciacordoba.org\/fr\/wp-json\/wp\/v2\/comments?post=1310"}],"version-history":[{"count":5,"href":"https:\/\/www.foroconvivenciacordoba.org\/fr\/wp-json\/wp\/v2\/pages\/1310\/revisions"}],"predecessor-version":[{"id":2984,"href":"https:\/\/www.foroconvivenciacordoba.org\/fr\/wp-json\/wp\/v2\/pages\/1310\/revisions\/2984"}],"wp:featuredmedia":[{"embeddable":true,"href":"https:\/\/www.foroconvivenciacordoba.org\/fr\/wp-json\/wp\/v2\/media\/1248"}],"wp:attachment":[{"href":"https:\/\/www.foroconvivenciacordoba.org\/fr\/wp-json\/wp\/v2\/media?parent=1310"}],"curies":[{"name":"wp","href":"https:\/\/api.w.org\/{rel}","templated":true}]}}