{"id":1261,"date":"2025-07-23T11:45:52","date_gmt":"2025-07-23T11:45:52","guid":{"rendered":"https:\/\/www.foroconvivenciacordoba.org\/seminaire-pour-les-jeunes\/"},"modified":"2026-05-03T16:26:47","modified_gmt":"2026-05-03T16:26:47","slug":"seminaire-pour-les-jeunes","status":"publish","type":"page","link":"https:\/\/www.foroconvivenciacordoba.org\/fr\/seminaire-pour-les-jeunes\/","title":{"rendered":"S\u00e9minaire pour Jeunes"},"content":{"rendered":"<style>.kb-row-layout-id1024_b49912-2f > .kt-row-column-wrap{align-content:start;}:where(.kb-row-layout-id1024_b49912-2f > .kt-row-column-wrap) > .wp-block-kadence-column{justify-content:start;}.kb-row-layout-id1024_b49912-2f > .kt-row-column-wrap{column-gap:var(--global-kb-gap-md, 2rem);row-gap:var(--global-kb-gap-md, 2rem);max-width:var( --global-content-width, 1290px );padding-left:var(--global-content-edge-padding);padding-right:var(--global-content-edge-padding);padding-top:150px;padding-bottom:80px;grid-template-columns:minmax(0, 1fr);}.kb-row-layout-id1024_b49912-2f{background-image:url('https:\/\/www.foroconvivenciacordoba.org\/wp-content\/uploads\/2025\/07\/grupos-I-foro.jpg');background-size:cover;background-position:50% 26%;background-attachment:scroll;background-repeat:no-repeat;}.kb-row-layout-id1024_b49912-2f > .kt-row-layout-overlay{opacity:0.85;background:linear-gradient(135deg,var(--global-palette1) 0%,rgba(20,39,109,0) 100%);}@media all and (max-width: 1024px){.kb-row-layout-id1024_b49912-2f > .kt-row-column-wrap{grid-template-columns:minmax(0, 1fr);}}@media all and (max-width: 767px){.kb-row-layout-id1024_b49912-2f > .kt-row-column-wrap{grid-template-columns:minmax(0, 1fr);}}<\/style><div class=\"kb-row-layout-wrap kb-row-layout-id1024_b49912-2f alignnone kt-row-has-bg titulo-pagina-foro wp-block-kadence-rowlayout\"><div class=\"kt-row-layout-overlay kt-row-overlay-gradient\"><\/div><div class=\"kt-row-column-wrap kt-has-1-columns kt-row-layout-equal kt-tab-layout-inherit kt-mobile-layout-row kt-row-valign-top kb-theme-content-width\">\n<style>.kadence-column1024_b731cc-f4 > .kt-inside-inner-col,.kadence-column1024_b731cc-f4 > .kt-inside-inner-col:before{border-top-left-radius:0px;border-top-right-radius:0px;border-bottom-right-radius:0px;border-bottom-left-radius:0px;}.kadence-column1024_b731cc-f4 > .kt-inside-inner-col{column-gap:var(--global-kb-gap-sm, 1rem);}.kadence-column1024_b731cc-f4 > .kt-inside-inner-col{flex-direction:column;}.kadence-column1024_b731cc-f4 > .kt-inside-inner-col > .aligncenter{width:100%;}.kadence-column1024_b731cc-f4 > .kt-inside-inner-col:before{opacity:0.3;}.kadence-column1024_b731cc-f4{position:relative;}@media all and (max-width: 1024px){.kadence-column1024_b731cc-f4 > .kt-inside-inner-col{flex-direction:column;justify-content:center;}}@media all and (max-width: 767px){.kadence-column1024_b731cc-f4 > .kt-inside-inner-col{flex-direction:column;justify-content:center;}}<\/style>\n<div class=\"wp-block-kadence-column kadence-column1024_b731cc-f4 inner-column-1\"><div class=\"kt-inside-inner-col\"><style>.wp-block-kadence-advancedheading.kt-adv-heading1024_cff829-6b, .wp-block-kadence-advancedheading.kt-adv-heading1024_cff829-6b[data-kb-block=\"kb-adv-heading1024_cff829-6b\"]{text-align:center;font-style:normal;}.wp-block-kadence-advancedheading.kt-adv-heading1024_cff829-6b mark.kt-highlight, .wp-block-kadence-advancedheading.kt-adv-heading1024_cff829-6b[data-kb-block=\"kb-adv-heading1024_cff829-6b\"] mark.kt-highlight{font-style:normal;color:#f76a0c;-webkit-box-decoration-break:clone;box-decoration-break:clone;padding-top:0px;padding-right:0px;padding-bottom:0px;padding-left:0px;}.wp-block-kadence-advancedheading.kt-adv-heading1024_cff829-6b img.kb-inline-image, .wp-block-kadence-advancedheading.kt-adv-heading1024_cff829-6b[data-kb-block=\"kb-adv-heading1024_cff829-6b\"] img.kb-inline-image{width:150px;vertical-align:baseline;}<\/style>\n<h1 class=\"kt-adv-heading1024_cff829-6b titulo-pagina-foro wp-block-kadence-advancedheading has-theme-palette-9-color has-text-color\" data-kb-block=\"kb-adv-heading1024_cff829-6b\">S\u00e9minaire pour Jeunes<\/h1>\n\n\n<style>.wp-block-kadence-advancedheading.kt-adv-heading1024_ae7b76-b0, .wp-block-kadence-advancedheading.kt-adv-heading1024_ae7b76-b0[data-kb-block=\"kb-adv-heading1024_ae7b76-b0\"]{text-align:center;font-style:normal;}.wp-block-kadence-advancedheading.kt-adv-heading1024_ae7b76-b0 mark.kt-highlight, .wp-block-kadence-advancedheading.kt-adv-heading1024_ae7b76-b0[data-kb-block=\"kb-adv-heading1024_ae7b76-b0\"] mark.kt-highlight{font-style:normal;color:#f76a0c;-webkit-box-decoration-break:clone;box-decoration-break:clone;padding-top:0px;padding-right:0px;padding-bottom:0px;padding-left:0px;}.wp-block-kadence-advancedheading.kt-adv-heading1024_ae7b76-b0 img.kb-inline-image, .wp-block-kadence-advancedheading.kt-adv-heading1024_ae7b76-b0[data-kb-block=\"kb-adv-heading1024_ae7b76-b0\"] img.kb-inline-image{width:150px;vertical-align:baseline;}<\/style>\n<p class=\"kt-adv-heading1024_ae7b76-b0 wp-block-kadence-advancedheading has-theme-palette-9-color has-text-color\" data-kb-block=\"kb-adv-heading1024_ae7b76-b0\">Un espace de formation au dialogue et \u00e0 la paix pour favoriser des changements positifs.<\/p>\n<\/div><\/div>\n\n<\/div><\/div>\n<p><em>Ce document pr\u00e9sente le S\u00e9minaire pour Jeunes tel qu\u2019il a \u00e9t\u00e9 con\u00e7u pour le Forum de Cordoue 2019. Il est conserv\u00e9 \u00e0 titre informatif et historique. <\/em><\/p>\n<style>.kb-row-layout-id1024_f6991c-88 > .kt-row-column-wrap{align-content:start;}:where(.kb-row-layout-id1024_f6991c-88 > .kt-row-column-wrap) > .wp-block-kadence-column{justify-content:start;}.kb-row-layout-id1024_f6991c-88 > .kt-row-column-wrap{column-gap:var(--global-kb-gap-md, 2rem);row-gap:var(--global-kb-gap-md, 2rem);max-width:var( --global-content-width, 1290px );padding-left:var(--global-content-edge-padding);padding-right:var(--global-content-edge-padding);padding-top:80px;padding-bottom:80px;grid-template-columns:repeat(2, minmax(0, 1fr));}.kb-row-layout-id1024_f6991c-88 > .kt-row-layout-overlay{opacity:0.30;}@media all and (max-width: 1024px){.kb-row-layout-id1024_f6991c-88 > .kt-row-column-wrap{grid-template-columns:repeat(2, minmax(0, 1fr));}}@media all and (max-width: 767px){.kb-row-layout-id1024_f6991c-88 > .kt-row-column-wrap{grid-template-columns:minmax(0, 1fr);}}<\/style><div class=\"kb-row-layout-wrap kb-row-layout-id1024_f6991c-88 alignnone wp-block-kadence-rowlayout\"><div class=\"kt-row-column-wrap kt-has-2-columns kt-row-layout-equal kt-tab-layout-inherit kt-mobile-layout-row kt-row-valign-top kb-theme-content-width\">\n<style>.kadence-column1024_835c1d-48 > .kt-inside-inner-col,.kadence-column1024_835c1d-48 > .kt-inside-inner-col:before{border-top-left-radius:0px;border-top-right-radius:0px;border-bottom-right-radius:0px;border-bottom-left-radius:0px;}.kadence-column1024_835c1d-48 > .kt-inside-inner-col{column-gap:var(--global-kb-gap-sm, 1rem);}.kadence-column1024_835c1d-48 > .kt-inside-inner-col{flex-direction:column;}.kadence-column1024_835c1d-48 > .kt-inside-inner-col > .aligncenter{width:100%;}.kadence-column1024_835c1d-48 > .kt-inside-inner-col:before{opacity:0.3;}.kadence-column1024_835c1d-48{position:relative;}@media all and (max-width: 1024px){.kadence-column1024_835c1d-48 > .kt-inside-inner-col{flex-direction:column;justify-content:center;}}@media all and (max-width: 767px){.kadence-column1024_835c1d-48 > .kt-inside-inner-col{flex-direction:column;justify-content:center;}}<\/style>\n<div class=\"wp-block-kadence-column kadence-column1024_835c1d-48 inner-column-1\"><div class=\"kt-inside-inner-col\"><style>.wp-block-kadence-advancedheading.kt-adv-heading1024_ff368a-ff, .wp-block-kadence-advancedheading.kt-adv-heading1024_ff368a-ff[data-kb-block=\"kb-adv-heading1024_ff368a-ff\"]{font-style:normal;}.wp-block-kadence-advancedheading.kt-adv-heading1024_ff368a-ff mark.kt-highlight, .wp-block-kadence-advancedheading.kt-adv-heading1024_ff368a-ff[data-kb-block=\"kb-adv-heading1024_ff368a-ff\"] mark.kt-highlight{font-style:normal;color:#f76a0c;-webkit-box-decoration-break:clone;box-decoration-break:clone;padding-top:0px;padding-right:0px;padding-bottom:0px;padding-left:0px;}.wp-block-kadence-advancedheading.kt-adv-heading1024_ff368a-ff img.kb-inline-image, .wp-block-kadence-advancedheading.kt-adv-heading1024_ff368a-ff[data-kb-block=\"kb-adv-heading1024_ff368a-ff\"] img.kb-inline-image{width:150px;vertical-align:baseline;}<\/style>\n<h6 class=\"kt-adv-heading1024_ff368a-ff wp-block-kadence-advancedheading has-theme-palette-6-color has-text-color\" data-kb-block=\"kb-adv-heading1024_ff368a-ff\"><strong>Forum Mondial de la Convivance<\/strong><\/h6>\n\n\n<style>.wp-block-kadence-advancedheading.kt-adv-heading1024_1e9996-84, .wp-block-kadence-advancedheading.kt-adv-heading1024_1e9996-84[data-kb-block=\"kb-adv-heading1024_1e9996-84\"]{font-style:normal;}.wp-block-kadence-advancedheading.kt-adv-heading1024_1e9996-84 mark.kt-highlight, .wp-block-kadence-advancedheading.kt-adv-heading1024_1e9996-84[data-kb-block=\"kb-adv-heading1024_1e9996-84\"] mark.kt-highlight{font-style:normal;color:#f76a0c;-webkit-box-decoration-break:clone;box-decoration-break:clone;padding-top:0px;padding-right:0px;padding-bottom:0px;padding-left:0px;}.wp-block-kadence-advancedheading.kt-adv-heading1024_1e9996-84 img.kb-inline-image, .wp-block-kadence-advancedheading.kt-adv-heading1024_1e9996-84[data-kb-block=\"kb-adv-heading1024_1e9996-84\"] img.kb-inline-image{width:150px;vertical-align:baseline;}<\/style>\n<h2 class=\"kt-adv-heading1024_1e9996-84 wp-block-kadence-advancedheading has-theme-palette-3-color has-text-color\" data-kb-block=\"kb-adv-heading1024_1e9996-84\"><strong>S\u00e9minaire pour Jeunes<\/strong><\/h2>\n\n\n\n<p>\u00c0 l\u2019occasion de la Journ\u00e9e Internationale du Vivre Ensemble en Paix, proclam\u00e9e par l\u2019Assembl\u00e9e g\u00e9n\u00e9rale des Nations Unies, le Forum a r\u00e9uni des leaders et des jeunes afin de cr\u00e9er des liens, d\u2019inspirer et de promouvoir des changements vers un monde meilleur : un monde de plus grande convivance.<\/p>\n\n\n\n<p>Avant le Forum, un s\u00e9minaire de deux jours a \u00e9t\u00e9 organis\u00e9, r\u00e9unissant des jeunes du monde entier. Les participants ont eu l\u2019occasion unique de pratiquer le dialogue et d\u2019en explorer diff\u00e9rentes formes. <\/p>\n<\/div><\/div>\n\n\n<style>.kadence-column1024_b0bade-33 > .kt-inside-inner-col,.kadence-column1024_b0bade-33 > .kt-inside-inner-col:before{border-top-left-radius:0px;border-top-right-radius:0px;border-bottom-right-radius:0px;border-bottom-left-radius:0px;}.kadence-column1024_b0bade-33 > .kt-inside-inner-col{column-gap:var(--global-kb-gap-sm, 1rem);}.kadence-column1024_b0bade-33 > .kt-inside-inner-col{flex-direction:column;}.kadence-column1024_b0bade-33 > .kt-inside-inner-col > .aligncenter{width:100%;}.kadence-column1024_b0bade-33 > .kt-inside-inner-col:before{opacity:0.3;}.kadence-column1024_b0bade-33{position:relative;}@media all and (max-width: 1024px){.kadence-column1024_b0bade-33 > .kt-inside-inner-col{flex-direction:column;justify-content:center;}}@media all and (max-width: 767px){.kadence-column1024_b0bade-33 > .kt-inside-inner-col{flex-direction:column;justify-content:center;}}<\/style>\n<div class=\"wp-block-kadence-column kadence-column1024_b0bade-33 inner-column-2\"><div class=\"kt-inside-inner-col\"><style>.kb-image1024_2fe678-03 .kb-image-has-overlay:after{opacity:0.3;border-top-left-radius:15px;border-top-right-radius:15px;border-bottom-right-radius:15px;border-bottom-left-radius:15px;}.kb-image1024_2fe678-03 img.kb-img, .kb-image1024_2fe678-03 .kb-img img{border-top-left-radius:15px;border-top-right-radius:15px;border-bottom-right-radius:15px;border-bottom-left-radius:15px;}<\/style>\n<figure class=\"wp-block-kadence-image kb-image1024_2fe678-03 size-large kb-image-is-ratio-size\"><div class=\"kb-is-ratio-image kb-image-ratio-land21\"><img loading=\"lazy\" decoding=\"async\" width=\"1024\" height=\"457\" src=\"https:\/\/www.foroconvivenciacordoba.org\/wp-content\/uploads\/2025\/07\/apoyanos-1024x457.jpg\" alt=\"\" class=\"kb-img wp-image-1025\" srcset=\"https:\/\/www.foroconvivenciacordoba.org\/wp-content\/uploads\/2025\/07\/apoyanos-1024x457.jpg 1024w, https:\/\/www.foroconvivenciacordoba.org\/wp-content\/uploads\/2025\/07\/apoyanos-300x134.jpg 300w, https:\/\/www.foroconvivenciacordoba.org\/wp-content\/uploads\/2025\/07\/apoyanos-768x343.jpg 768w, https:\/\/www.foroconvivenciacordoba.org\/wp-content\/uploads\/2025\/07\/apoyanos-1536x686.jpg 1536w, https:\/\/www.foroconvivenciacordoba.org\/wp-content\/uploads\/2025\/07\/apoyanos.jpg 1792w\" sizes=\"auto, (max-width: 1024px) 100vw, 1024px\" \/><\/div><\/figure>\n<\/div><\/div>\n\n<\/div><\/div><style>.kb-row-layout-id1024_fd4c15-90 > .kt-row-column-wrap{align-content:start;}:where(.kb-row-layout-id1024_fd4c15-90 > .kt-row-column-wrap) > .wp-block-kadence-column{justify-content:start;}.kb-row-layout-id1024_fd4c15-90 > .kt-row-column-wrap{column-gap:var(--global-kb-gap-md, 2rem);row-gap:var(--global-kb-gap-md, 2rem);max-width:var( --global-content-width, 1290px );padding-left:var(--global-content-edge-padding);padding-right:var(--global-content-edge-padding);padding-top:var(--global-kb-spacing-sm, 1.5rem);padding-bottom:var(--global-kb-spacing-xl, 4rem);grid-template-columns:minmax(0, 1fr);}.kb-row-layout-id1024_fd4c15-90 > .kt-row-layout-overlay{opacity:0.30;}@media all and (max-width: 1024px){.kb-row-layout-id1024_fd4c15-90 > .kt-row-column-wrap{grid-template-columns:minmax(0, 1fr);}}@media all and (max-width: 767px){.kb-row-layout-id1024_fd4c15-90 > .kt-row-column-wrap{grid-template-columns:minmax(0, 1fr);}}<\/style><div class=\"kb-row-layout-wrap kb-row-layout-id1024_fd4c15-90 alignnone wp-block-kadence-rowlayout\"><div class=\"kt-row-column-wrap kt-has-1-columns kt-row-layout-equal kt-tab-layout-inherit kt-mobile-layout-row kt-row-valign-top kb-theme-content-width\">\n<style>.kadence-column1024_3cafca-a0 > .kt-inside-inner-col,.kadence-column1024_3cafca-a0 > .kt-inside-inner-col:before{border-top-left-radius:0px;border-top-right-radius:0px;border-bottom-right-radius:0px;border-bottom-left-radius:0px;}.kadence-column1024_3cafca-a0 > .kt-inside-inner-col{column-gap:var(--global-kb-gap-sm, 1rem);}.kadence-column1024_3cafca-a0 > .kt-inside-inner-col{flex-direction:column;}.kadence-column1024_3cafca-a0 > .kt-inside-inner-col > .aligncenter{width:100%;}.kadence-column1024_3cafca-a0 > .kt-inside-inner-col:before{opacity:0.3;}.kadence-column1024_3cafca-a0{position:relative;}@media all and (max-width: 1024px){.kadence-column1024_3cafca-a0 > .kt-inside-inner-col{flex-direction:column;justify-content:center;}}@media all and (max-width: 767px){.kadence-column1024_3cafca-a0 > .kt-inside-inner-col{flex-direction:column;justify-content:center;}}<\/style>\n<div class=\"wp-block-kadence-column kadence-column1024_3cafca-a0\"><div class=\"kt-inside-inner-col\">\n<h2 class=\"wp-block-heading\" style=\"border-top-style:none;border-top-width:0px;border-right-style:none;border-right-width:0px;border-bottom-color:var(--wp--preset--color--theme-palette-1);border-left-style:none;border-left-width:0px\"><strong>Donner aux jeunes une chance de dialoguer<\/strong><\/h2>\n\n\n\n<p>Le S\u00e9minaire pour Jeunes vise \u00e0 doter les participants d&rsquo;aptitudes et de comp\u00e9tences pratiques pour l&rsquo;activisme de dialogue et la consolidation de la paix afin de cr\u00e9er des changements positifs dans leurs propres vies et communaut\u00e9s. Pendant la dur\u00e9e du S\u00e9minaire de deux jours, les participants recevront une formation pratique et une exp\u00e9rience des principes du dialogue. <\/p>\n\n\n\n<p>Le dialogue a \u00e9t\u00e9 choisi comme th\u00e8me du S\u00e9minaire car le dialogue est un moyen important de construire la paix et la convivance. Acqu\u00e9rir de telles comp\u00e9tences et pratiquer le dialogue favorise un meilleur esprit d\u2019\u00e9quipe, la capacit\u00e9 de parler et d\u2019\u00e9couter. L\u2019empathie accrue est \u00e9galement le r\u00e9sultat de la pratique et du dialogue, tout en favorisant une meilleure compr\u00e9hension des points de vue des autres personnes ; l&rsquo;objectif n&rsquo;est pas d&rsquo;\u00eatre d\u2019accord, mais plut\u00f4t de respecter et de se comprendre mutuellement. Il s&rsquo;agit de \u00ab vivre ensemble en paix \u00bb    <\/p>\n\n\n\n<p>L\u2019\u00e9quipe d\u2019experts du S\u00e9minaire dirigera les participants \u00e0 travers des ateliers sur la culture, les identit\u00e9s et la vision du monde, les conflits et la consolidation de la paix, ainsi que les perceptions r\u00e9elles et les perceptions erron\u00e9es. Ces th\u00e8mes de formation aideront les jeunes \u00e0 dissiper les st\u00e9r\u00e9otypes et \u00e0 r\u00e9fl\u00e9chir de mani\u00e8re critique aux moyens de r\u00e9unir des personnes et des groupes diff\u00e9rents pour cr\u00e9er des communaut\u00e9s pacifiques et partager des valeurs communes. <\/p>\n\n\n\n<p>\u00c0 l&rsquo;issue du S\u00e9minaire, ces futurs leaders recevront tous un certificat d&rsquo;ach\u00e8vement et, plus important encore, recevront les outils n\u00e9cessaires pour partager leurs connaissances dialogiques avec leurs communaut\u00e9s et au-del\u00e0. Parall\u00e8lement, les participants auront des connaissances pratiques sur la mani\u00e8re de planifier et de mettre en \u0153uvre une activit\u00e9 inspir\u00e9e ou li\u00e9e au dialogue au sein de leurs communaut\u00e9s. <\/p>\n\n\n\n<p>Les jeunes s\u00e9lectionn\u00e9s seront \u00e9galement invit\u00e9s \u00e0 prendre part au Forum de Cordoue, o\u00f9 ils auront la possibilit\u00e9 d\u2019appliquer leurs comp\u00e9tences dialogiques nouvellement acquises et de contribuer de mani\u00e8re significative au succ\u00e8s du Forum en apportant la perspective des jeunes pour trouver des solutions aux d\u00e9fis auxquels leur g\u00e9n\u00e9ration et celles qui suivront sont confront\u00e9es.<\/p>\n<\/div><\/div>\n\n<\/div><\/div><style>.kb-row-layout-id1450_a8ede9-7d > .kt-row-column-wrap{align-content:start;}:where(.kb-row-layout-id1450_a8ede9-7d > .kt-row-column-wrap) > .wp-block-kadence-column{justify-content:start;}.kb-row-layout-id1450_a8ede9-7d > .kt-row-column-wrap{column-gap:var(--global-kb-gap-md, 2rem);row-gap:var(--global-kb-gap-md, 2rem);max-width:700px;margin-left:auto;margin-right:auto;padding-top:100px;padding-bottom:100px;grid-template-columns:minmax(0, 1fr);}.kb-row-layout-id1450_a8ede9-7d > .kt-row-layout-overlay{opacity:0.55;background-color:var(--global-palette3, #1A202C);}.kb-row-layout-id1450_a8ede9-7d .kt-row-layout-top-sep{height:100px;}.kb-row-layout-id1450_a8ede9-7d .kt-row-layout-top-sep svg{width:100%;}.kb-row-layout-id1450_a8ede9-7d .kt-row-layout-top-sep svg{fill:#ffffff!important;}@media all and (max-width: 1024px){.kb-row-layout-id1450_a8ede9-7d > .kt-row-column-wrap{grid-template-columns:minmax(0, 1fr);}}@media all and (max-width: 767px){.kb-row-layout-id1450_a8ede9-7d > .kt-row-column-wrap{grid-template-columns:minmax(0, 1fr);}}<\/style><div class=\"kb-row-layout-wrap kb-row-layout-id1450_a8ede9-7d alignnone has-theme-palette1-background-color kt-row-has-bg wp-block-kadence-rowlayout\"><div class=\"kt-row-layout-overlay kt-row-overlay-normal\"><\/div><div class=\"kt-row-layout-top-sep kt-row-sep-type-crvi\"><svg viewBox=\"0 0 1000 100\" preserveAspectRatio=\"none\"><path d=\"M1000,0c0,0 -270.987,98 -500,98c-229.013,0 -500,-98 -500,-98l0,100l1000,0l0,-100Z\" \/><\/svg><\/div><div class=\"kt-row-column-wrap kt-has-1-columns kt-row-layout-equal kt-tab-layout-inherit kt-mobile-layout-row kt-row-valign-top\">\n<style>.kadence-column1450_52cdb0-69 > .kt-inside-inner-col,.kadence-column1450_52cdb0-69 > .kt-inside-inner-col:before{border-top-left-radius:0px;border-top-right-radius:0px;border-bottom-right-radius:0px;border-bottom-left-radius:0px;}.kadence-column1450_52cdb0-69 > .kt-inside-inner-col{column-gap:var(--global-kb-gap-sm, 1rem);}.kadence-column1450_52cdb0-69 > .kt-inside-inner-col{flex-direction:column;}.kadence-column1450_52cdb0-69 > .kt-inside-inner-col > .aligncenter{width:100%;}.kadence-column1450_52cdb0-69 > .kt-inside-inner-col:before{opacity:0.3;}.kadence-column1450_52cdb0-69{position:relative;}@media all and (max-width: 1024px){.kadence-column1450_52cdb0-69 > .kt-inside-inner-col{flex-direction:column;justify-content:center;}}@media all and (max-width: 767px){.kadence-column1450_52cdb0-69 > .kt-inside-inner-col{flex-direction:column;justify-content:center;}}<\/style>\n<div class=\"wp-block-kadence-column kadence-column1450_52cdb0-69 inner-column-1\"><div class=\"kt-inside-inner-col\"><style>.wp-block-kadence-advancedheading.kt-adv-heading1450_e85714-65, .wp-block-kadence-advancedheading.kt-adv-heading1450_e85714-65[data-kb-block=\"kb-adv-heading1450_e85714-65\"]{text-align:center;font-style:normal;}.wp-block-kadence-advancedheading.kt-adv-heading1450_e85714-65 mark.kt-highlight, .wp-block-kadence-advancedheading.kt-adv-heading1450_e85714-65[data-kb-block=\"kb-adv-heading1450_e85714-65\"] mark.kt-highlight{font-style:normal;color:#f76a0c;-webkit-box-decoration-break:clone;box-decoration-break:clone;padding-top:0px;padding-right:0px;padding-bottom:0px;padding-left:0px;}.wp-block-kadence-advancedheading.kt-adv-heading1450_e85714-65 img.kb-inline-image, .wp-block-kadence-advancedheading.kt-adv-heading1450_e85714-65[data-kb-block=\"kb-adv-heading1450_e85714-65\"] img.kb-inline-image{width:150px;vertical-align:baseline;}<\/style>\n<h6 class=\"kt-adv-heading1450_e85714-65 wp-block-kadence-advancedheading has-theme-palette-9-color has-text-color\" data-kb-block=\"kb-adv-heading1450_e85714-65\">AIDEZ LE FORUM<\/h6>\n\n\n<style>.wp-block-kadence-advancedheading.kt-adv-heading1450_c2ad81-1d, .wp-block-kadence-advancedheading.kt-adv-heading1450_c2ad81-1d[data-kb-block=\"kb-adv-heading1450_c2ad81-1d\"]{text-align:center;font-style:normal;}.wp-block-kadence-advancedheading.kt-adv-heading1450_c2ad81-1d mark.kt-highlight, .wp-block-kadence-advancedheading.kt-adv-heading1450_c2ad81-1d[data-kb-block=\"kb-adv-heading1450_c2ad81-1d\"] mark.kt-highlight{font-style:normal;color:#f76a0c;-webkit-box-decoration-break:clone;box-decoration-break:clone;padding-top:0px;padding-right:0px;padding-bottom:0px;padding-left:0px;}.wp-block-kadence-advancedheading.kt-adv-heading1450_c2ad81-1d img.kb-inline-image, .wp-block-kadence-advancedheading.kt-adv-heading1450_c2ad81-1d[data-kb-block=\"kb-adv-heading1450_c2ad81-1d\"] img.kb-inline-image{width:150px;vertical-align:baseline;}<\/style>\n<h2 class=\"kt-adv-heading1450_c2ad81-1d wp-block-kadence-advancedheading has-theme-palette-9-color has-text-color\" data-kb-block=\"kb-adv-heading1450_c2ad81-1d\">Collaborez avec nous<\/h2>\n\n\n<style>.wp-block-kadence-advancedheading.kt-adv-heading1450_f7e716-44, .wp-block-kadence-advancedheading.kt-adv-heading1450_f7e716-44[data-kb-block=\"kb-adv-heading1450_f7e716-44\"]{text-align:center;font-style:normal;}.wp-block-kadence-advancedheading.kt-adv-heading1450_f7e716-44 mark.kt-highlight, .wp-block-kadence-advancedheading.kt-adv-heading1450_f7e716-44[data-kb-block=\"kb-adv-heading1450_f7e716-44\"] mark.kt-highlight{font-style:normal;color:#f76a0c;-webkit-box-decoration-break:clone;box-decoration-break:clone;padding-top:0px;padding-right:0px;padding-bottom:0px;padding-left:0px;}.wp-block-kadence-advancedheading.kt-adv-heading1450_f7e716-44 img.kb-inline-image, .wp-block-kadence-advancedheading.kt-adv-heading1450_f7e716-44[data-kb-block=\"kb-adv-heading1450_f7e716-44\"] img.kb-inline-image{width:150px;vertical-align:baseline;}<\/style>\n<p class=\"kt-adv-heading1450_f7e716-44 wp-block-kadence-advancedheading has-theme-palette-9-color has-text-color\" data-kb-block=\"kb-adv-heading1450_f7e716-44\">Le Forum de Cordoue est une initiative ind\u00e9pendante et sans but lucratif. Votre soutien nous aide \u00e0 continuer \u00e0 promouvoir des espaces de dialogue et de convivance.&nbsp;&nbsp;<\/p>\n\n\n<style>.wp-block-kadence-advancedbtn.kb-btns1450_bcf7f9-bf{gap:var(--global-kb-gap-xs, 0.5rem );justify-content:center;align-items:center;}.kt-btns1450_bcf7f9-bf .kt-button{font-weight:normal;font-style:normal;}<\/style>\n<div class=\"wp-block-kadence-advancedbtn kb-buttons-wrap kb-btns1450_bcf7f9-bf\"><style>ul.menu .wp-block-kadence-advancedbtn .kb-btn1450_6fa645-8a.kb-button{width:initial;}.wp-block-kadence-advancedbtn .kb-btn1450_6fa645-8a.kb-button{color:var(--global-palette1, #3182CE);background:var(--global-palette9, #ffffff);}<\/style><a class=\"kb-button kt-button button kb-btn1450_6fa645-8a kt-btn-size-standard kt-btn-width-type-auto kb-btn-global-inherit  kt-btn-has-text-true kt-btn-has-svg-false  wp-block-button__link wp-block-kadence-singlebtn\" href=\"https:\/\/www.foroconvivenciacordoba.org\/fr\/contact\/\"><span class=\"kt-btn-inner-text\">SOUTENEZ-NOUS<\/span><\/a><\/div>\n<\/div><\/div>\n\n<\/div><\/div>","protected":false},"excerpt":{"rendered":"<p>S\u00e9minaire pour Jeunes Un espace de formation au dialogue et \u00e0 la paix pour favoriser des changements positifs. Ce document pr\u00e9sente le S\u00e9minaire pour Jeunes tel qu\u2019il a \u00e9t\u00e9 con\u00e7u pour le Forum de Cordoue 2019. Il est conserv\u00e9 \u00e0 titre informatif et historique. Forum Mondial de la Convivance S\u00e9minaire pour Jeunes \u00c0 l\u2019occasion de&#8230;<\/p>\n","protected":false},"author":1,"featured_media":1248,"parent":0,"menu_order":0,"comment_status":"closed","ping_status":"closed","template":"","meta":{"_kad_blocks_custom_css":"","_kad_blocks_head_custom_js":"","_kad_blocks_body_custom_js":"","_kad_blocks_footer_custom_js":"","_kadence_starter_templates_imported_post":false,"_kad_post_transparent":"","_kad_post_title":"","_kad_post_layout":"","_kad_post_sidebar_id":"","_kad_post_content_style":"","_kad_post_vertical_padding":"","_kad_post_feature":"","_kad_post_feature_position":"","_kad_post_header":false,"_kad_post_footer":false,"footnotes":""},"class_list":["post-1261","page","type-page","status-publish","has-post-thumbnail","hentry"],"taxonomy_info":[],"featured_image_src_large":["https:\/\/www.foroconvivenciacordoba.org\/wp-content\/uploads\/2021\/10\/About-scaled-1-573x1024.jpeg",573,1024,true],"author_info":{"display_name":"administrador","author_link":"https:\/\/www.foroconvivenciacordoba.org\/fr\/author\/administrador\/"},"comment_info":0,"_links":{"self":[{"href":"https:\/\/www.foroconvivenciacordoba.org\/fr\/wp-json\/wp\/v2\/pages\/1261","targetHints":{"allow":["GET"]}}],"collection":[{"href":"https:\/\/www.foroconvivenciacordoba.org\/fr\/wp-json\/wp\/v2\/pages"}],"about":[{"href":"https:\/\/www.foroconvivenciacordoba.org\/fr\/wp-json\/wp\/v2\/types\/page"}],"author":[{"embeddable":true,"href":"https:\/\/www.foroconvivenciacordoba.org\/fr\/wp-json\/wp\/v2\/users\/1"}],"replies":[{"embeddable":true,"href":"https:\/\/www.foroconvivenciacordoba.org\/fr\/wp-json\/wp\/v2\/comments?post=1261"}],"version-history":[{"count":7,"href":"https:\/\/www.foroconvivenciacordoba.org\/fr\/wp-json\/wp\/v2\/pages\/1261\/revisions"}],"predecessor-version":[{"id":3019,"href":"https:\/\/www.foroconvivenciacordoba.org\/fr\/wp-json\/wp\/v2\/pages\/1261\/revisions\/3019"}],"wp:featuredmedia":[{"embeddable":true,"href":"https:\/\/www.foroconvivenciacordoba.org\/fr\/wp-json\/wp\/v2\/media\/1248"}],"wp:attachment":[{"href":"https:\/\/www.foroconvivenciacordoba.org\/fr\/wp-json\/wp\/v2\/media?parent=1261"}],"curies":[{"name":"wp","href":"https:\/\/api.w.org\/{rel}","templated":true}]}}