{"id":1312,"date":"2025-07-23T22:33:48","date_gmt":"2025-07-23T22:33:48","guid":{"rendered":"https:\/\/www.foroconvivenciacordoba.org\/provisional-budget\/"},"modified":"2026-05-03T15:09:43","modified_gmt":"2026-05-03T15:09:43","slug":"provisional-budget","status":"publish","type":"page","link":"https:\/\/www.foroconvivenciacordoba.org\/en\/provisional-budget\/","title":{"rendered":"Provisional budget II Forum"},"content":{"rendered":"\n<p><\/p>\n<style>.kb-row-layout-id1057_aa74fc-6b > .kt-row-column-wrap{align-content:start;}:where(.kb-row-layout-id1057_aa74fc-6b > .kt-row-column-wrap) > .wp-block-kadence-column{justify-content:start;}.kb-row-layout-id1057_aa74fc-6b > .kt-row-column-wrap{column-gap:var(--global-kb-gap-md, 2rem);row-gap:var(--global-kb-gap-md, 2rem);max-width:var( --global-content-width, 1290px );padding-left:var(--global-content-edge-padding);padding-right:var(--global-content-edge-padding);padding-top:150px;padding-bottom:80px;grid-template-columns:minmax(0, 1fr);}.kb-row-layout-id1057_aa74fc-6b{background-image:url('https:\/\/www.foroconvivenciacordoba.org\/wp-content\/uploads\/2025\/07\/04-Presupuesto.jpg');background-size:cover;background-position:66% 81%;background-attachment:scroll;background-repeat:no-repeat;}.kb-row-layout-id1057_aa74fc-6b > .kt-row-layout-overlay{opacity:0.85;background:linear-gradient(135deg,var(--global-palette1) 0%,rgba(20,39,109,0) 100%);}@media all and (max-width: 1024px){.kb-row-layout-id1057_aa74fc-6b > .kt-row-column-wrap{grid-template-columns:minmax(0, 1fr);}}@media all and (max-width: 767px){.kb-row-layout-id1057_aa74fc-6b > .kt-row-column-wrap{grid-template-columns:minmax(0, 1fr);}}<\/style><div class=\"kb-row-layout-wrap kb-row-layout-id1057_aa74fc-6b alignnone kt-row-has-bg wp-block-kadence-rowlayout\"><div class=\"kt-row-layout-overlay kt-row-overlay-gradient\"><\/div><div class=\"kt-row-column-wrap kt-has-1-columns kt-row-layout-equal kt-tab-layout-inherit kt-mobile-layout-row kt-row-valign-top kb-theme-content-width\">\n<style>.kadence-column1057_705354-5c > .kt-inside-inner-col,.kadence-column1057_705354-5c > .kt-inside-inner-col:before{border-top-left-radius:0px;border-top-right-radius:0px;border-bottom-right-radius:0px;border-bottom-left-radius:0px;}.kadence-column1057_705354-5c > .kt-inside-inner-col{column-gap:var(--global-kb-gap-sm, 1rem);}.kadence-column1057_705354-5c > .kt-inside-inner-col{flex-direction:column;}.kadence-column1057_705354-5c > .kt-inside-inner-col > .aligncenter{width:100%;}.kadence-column1057_705354-5c > .kt-inside-inner-col:before{opacity:0.3;}.kadence-column1057_705354-5c{position:relative;}@media all and (max-width: 1024px){.kadence-column1057_705354-5c > .kt-inside-inner-col{flex-direction:column;justify-content:center;}}@media all and (max-width: 767px){.kadence-column1057_705354-5c > .kt-inside-inner-col{flex-direction:column;justify-content:center;}}<\/style>\n<div class=\"wp-block-kadence-column kadence-column1057_705354-5c inner-column-1\"><div class=\"kt-inside-inner-col\"><style>.wp-block-kadence-advancedheading.kt-adv-heading1057_6f07d7-33, .wp-block-kadence-advancedheading.kt-adv-heading1057_6f07d7-33[data-kb-block=\"kb-adv-heading1057_6f07d7-33\"]{text-align:center;font-style:normal;}.wp-block-kadence-advancedheading.kt-adv-heading1057_6f07d7-33 mark.kt-highlight, .wp-block-kadence-advancedheading.kt-adv-heading1057_6f07d7-33[data-kb-block=\"kb-adv-heading1057_6f07d7-33\"] mark.kt-highlight{font-style:normal;color:#f76a0c;-webkit-box-decoration-break:clone;box-decoration-break:clone;padding-top:0px;padding-right:0px;padding-bottom:0px;padding-left:0px;}.wp-block-kadence-advancedheading.kt-adv-heading1057_6f07d7-33 img.kb-inline-image, .wp-block-kadence-advancedheading.kt-adv-heading1057_6f07d7-33[data-kb-block=\"kb-adv-heading1057_6f07d7-33\"] img.kb-inline-image{width:150px;vertical-align:baseline;}<\/style>\n<h1 class=\"kt-adv-heading1057_6f07d7-33 titulo-pagina-foro wp-block-kadence-advancedheading has-theme-palette-9-color has-text-color\" data-kb-block=\"kb-adv-heading1057_6f07d7-33\">Provisional budget<\/h1>\n\n\n<style>.wp-block-kadence-advancedheading.kt-adv-heading1057_75f423-94, .wp-block-kadence-advancedheading.kt-adv-heading1057_75f423-94[data-kb-block=\"kb-adv-heading1057_75f423-94\"]{text-align:center;font-style:normal;}.wp-block-kadence-advancedheading.kt-adv-heading1057_75f423-94 mark.kt-highlight, .wp-block-kadence-advancedheading.kt-adv-heading1057_75f423-94[data-kb-block=\"kb-adv-heading1057_75f423-94\"] mark.kt-highlight{font-style:normal;color:#f76a0c;-webkit-box-decoration-break:clone;box-decoration-break:clone;padding-top:0px;padding-right:0px;padding-bottom:0px;padding-left:0px;}.wp-block-kadence-advancedheading.kt-adv-heading1057_75f423-94 img.kb-inline-image, .wp-block-kadence-advancedheading.kt-adv-heading1057_75f423-94[data-kb-block=\"kb-adv-heading1057_75f423-94\"] img.kb-inline-image{width:150px;vertical-align:baseline;}<\/style>\n<p class=\"kt-adv-heading1057_75f423-94 wp-block-kadence-advancedheading has-theme-palette-9-color has-text-color\" data-kb-block=\"kb-adv-heading1057_75f423-94\">II C\u00f3rdoba Forum<\/p>\n<\/div><\/div>\n\n<\/div><\/div><style>.kb-row-layout-id1057_85ee6a-2a > .kt-row-column-wrap{align-content:start;}:where(.kb-row-layout-id1057_85ee6a-2a > .kt-row-column-wrap) > .wp-block-kadence-column{justify-content:start;}.kb-row-layout-id1057_85ee6a-2a > .kt-row-column-wrap{column-gap:var(--global-kb-gap-md, 2rem);row-gap:var(--global-kb-gap-md, 2rem);max-width:var( --global-content-width, 1290px );padding-left:var(--global-content-edge-padding);padding-right:var(--global-content-edge-padding);padding-top:var(--global-kb-spacing-sm, 1.5rem);padding-bottom:var(--global-kb-spacing-sm, 1.5rem);grid-template-columns:minmax(0, 1fr);}.kb-row-layout-id1057_85ee6a-2a > .kt-row-layout-overlay{opacity:0.30;}@media all and (max-width: 1024px){.kb-row-layout-id1057_85ee6a-2a > .kt-row-column-wrap{grid-template-columns:minmax(0, 1fr);}}@media all and (max-width: 767px){.kb-row-layout-id1057_85ee6a-2a > .kt-row-column-wrap{grid-template-columns:minmax(0, 1fr);}}<\/style><div class=\"kb-row-layout-wrap kb-row-layout-id1057_85ee6a-2a alignnone wp-block-kadence-rowlayout\"><div class=\"kt-row-column-wrap kt-has-1-columns kt-row-layout-equal kt-tab-layout-inherit kt-mobile-layout-row kt-row-valign-top kb-theme-content-width\">\n<style>.kadence-column1057_6df151-90 > .kt-inside-inner-col,.kadence-column1057_6df151-90 > .kt-inside-inner-col:before{border-top-left-radius:0px;border-top-right-radius:0px;border-bottom-right-radius:0px;border-bottom-left-radius:0px;}.kadence-column1057_6df151-90 > .kt-inside-inner-col{column-gap:var(--global-kb-gap-sm, 1rem);}.kadence-column1057_6df151-90 > .kt-inside-inner-col{flex-direction:column;}.kadence-column1057_6df151-90 > .kt-inside-inner-col > .aligncenter{width:100%;}.kadence-column1057_6df151-90 > .kt-inside-inner-col:before{opacity:0.3;}.kadence-column1057_6df151-90{position:relative;}@media all and (max-width: 1024px){.kadence-column1057_6df151-90 > .kt-inside-inner-col{flex-direction:column;justify-content:center;}}@media all and (max-width: 767px){.kadence-column1057_6df151-90 > .kt-inside-inner-col{flex-direction:column;justify-content:center;}}<\/style>\n<div class=\"wp-block-kadence-column kadence-column1057_6df151-90\"><div class=\"kt-inside-inner-col\">\n<p>This is a provisional budget for the II C\u00f3rdoba Forum, based on the experience of the I C\u00f3rdoba Forum in 2019, whose projected budget amounted to approximately \u20ac160,000 and was broadly adhered to.<\/p>\n\n\n\n<p>This budget reflects the costs required to organise the event and may be adjusted according to needs and implementation conditions.<\/p>\n<\/div><\/div>\n\n<\/div><\/div><style>.kb-row-layout-id1057_8f0de7-91 > .kt-row-column-wrap{align-content:start;}:where(.kb-row-layout-id1057_8f0de7-91 > .kt-row-column-wrap) > .wp-block-kadence-column{justify-content:start;}.kb-row-layout-id1057_8f0de7-91 > .kt-row-column-wrap{column-gap:var(--global-kb-gap-md, 2rem);row-gap:var(--global-kb-gap-md, 2rem);max-width:var( --global-content-width, 1290px );padding-left:var(--global-content-edge-padding);padding-right:var(--global-content-edge-padding);padding-top:var(--global-kb-spacing-md, 2rem);padding-right:var(--global-kb-spacing-sm, 1.5rem);padding-bottom:var(--global-kb-spacing-md, 2rem);grid-template-columns:minmax(0, 1fr);}.kb-row-layout-id1057_8f0de7-91 > .kt-row-layout-overlay{opacity:0.30;}@media all and (max-width: 1024px){.kb-row-layout-id1057_8f0de7-91 > .kt-row-column-wrap{grid-template-columns:minmax(0, 1fr);}}@media all and (max-width: 767px){.kb-row-layout-id1057_8f0de7-91 > .kt-row-column-wrap{grid-template-columns:minmax(0, 1fr);}}<\/style><div class=\"kb-row-layout-wrap kb-row-layout-id1057_8f0de7-91 alignnone wp-block-kadence-rowlayout\"><div class=\"kt-row-column-wrap kt-has-1-columns kt-row-layout-equal kt-tab-layout-inherit kt-mobile-layout-row kt-row-valign-top kb-theme-content-width\">\n<style>.kadence-column1057_c60ec0-1a > .kt-inside-inner-col,.kadence-column1057_c60ec0-1a > .kt-inside-inner-col:before{border-top-left-radius:0px;border-top-right-radius:0px;border-bottom-right-radius:0px;border-bottom-left-radius:0px;}.kadence-column1057_c60ec0-1a > .kt-inside-inner-col{column-gap:var(--global-kb-gap-sm, 1rem);}.kadence-column1057_c60ec0-1a > .kt-inside-inner-col{flex-direction:column;}.kadence-column1057_c60ec0-1a > .kt-inside-inner-col > .aligncenter{width:100%;}.kadence-column1057_c60ec0-1a > .kt-inside-inner-col:before{opacity:0.3;}.kadence-column1057_c60ec0-1a{position:relative;}@media all and (max-width: 1024px){.kadence-column1057_c60ec0-1a > .kt-inside-inner-col{flex-direction:column;justify-content:center;}}@media all and (max-width: 767px){.kadence-column1057_c60ec0-1a > .kt-inside-inner-col{flex-direction:column;justify-content:center;}}<\/style>\n<div class=\"wp-block-kadence-column kadence-column1057_c60ec0-1a\"><div class=\"kt-inside-inner-col\">\n<h2 class=\"wp-block-heading has-theme-palette-1-color has-text-color has-link-color wp-elements-3dbac579217578cfc194e4afe8afc553\" style=\"border-top-style:none;border-top-width:0px;border-right-style:none;border-right-width:0px;border-bottom-color:var(--wp--preset--color--theme-palette-1);border-bottom-width:1px;border-left-style:none;border-left-width:0px\"><strong>Provisional budget<\/strong><\/h2>\n\n\n\n<figure class=\"wp-block-table is-style-stripes\" style=\"margin-top:0;margin-right:var(--wp--preset--spacing--30);margin-bottom:0;margin-left:var(--wp--preset--spacing--20)\"><table style=\"border-style:none;border-width:0px\"><tbody><tr><td class=\"has-text-align-left\" data-align=\"left\">Communication and website: design, development and follow-up<\/td><td class=\"has-text-align-right\" data-align=\"right\">15 000 \u20ac<\/td><\/tr><tr><td class=\"has-text-align-left\" data-align=\"left\">Venue and logistics (Conference Centre): plenary hall, secondary room, booths and basic technical support<\/td><td class=\"has-text-align-right\" data-align=\"right\">10 000 \u20ac<\/td><\/tr><tr><td class=\"has-text-align-left\" data-align=\"left\">Catering: 3 coffee breaks and 2 buffet lunches<\/td><td class=\"has-text-align-right\" data-align=\"right\">9 500 \u20ac<\/td><\/tr><tr><td class=\"has-text-align-left\" data-align=\"left\">Simultaneous interpretation (4 languages): Full team and interpreter rotation<\/td><td class=\"has-text-align-right\" data-align=\"right\">12 000 \u20ac<\/td><\/tr><tr><td class=\"has-text-align-left\" data-align=\"left\">Participant materials: Badges, documentation, welcome pack<\/td><td class=\"has-text-align-right\" data-align=\"right\">4 000 \u20ac<\/td><\/tr><tr><td class=\"has-text-align-left\" data-align=\"left\">Technical secretariat, coordination and production<\/td><td class=\"has-text-align-right\" data-align=\"right\">40 000 \u20ac<\/td><\/tr><tr><td class=\"has-text-align-left\" data-align=\"left\">Accommodation for speakers and the organisation<\/td><td class=\"has-text-align-right\" data-align=\"right\">6 500 \u20ac<\/td><\/tr><tr><td class=\"has-text-align-left\" data-align=\"left\">National transport (rail + transfers)<\/td><td class=\"has-text-align-right\" data-align=\"right\">3 500 \u20ac<\/td><\/tr><tr><td class=\"has-text-align-left\" data-align=\"left\">International transport<\/td><td class=\"has-text-align-right\" data-align=\"right\">7 500 \u20ac<\/td><\/tr><tr><td class=\"has-text-align-left\" data-align=\"left\">Event insurance<\/td><td class=\"has-text-align-right\" data-align=\"right\">2 500 \u20ac<\/td><\/tr><tr><td class=\"has-text-align-left\" data-align=\"left\">Contingency<\/td><td class=\"has-text-align-right\" data-align=\"right\">9 500 \u20ac<\/td><\/tr><tr><td class=\"has-text-align-left\" data-align=\"left\"><\/td><td class=\"has-text-align-right\" data-align=\"right\"><\/td><\/tr><\/tbody><\/table><\/figure>\n\n\n\n<figure class=\"wp-block-table is-style-stripes\" style=\"margin-top:0;margin-right:var(--wp--preset--spacing--30);margin-bottom:0;margin-left:var(--wp--preset--spacing--20);font-size:20px\"><table style=\"border-style:none;border-width:0px\"><tbody><tr><td class=\"has-text-align-right\" data-align=\"right\"><strong>Approximate total<\/strong><\/td><td class=\"has-text-align-right\" data-align=\"right\"><strong>120 000 \u20ac<\/strong><\/td><\/tr><\/tbody><\/table><\/figure>\n\n\n\n<figure class=\"wp-block-table is-style-regular\" style=\"margin-top:0;margin-right:var(--wp--preset--spacing--30);margin-bottom:0;margin-left:var(--wp--preset--spacing--20)\"><table style=\"border-style:none;border-width:0px\"><tbody><tr><td class=\"has-text-align-left\" data-align=\"left\">Strategic reserve (III Forum)<\/td><td class=\"has-text-align-right\" data-align=\"right\">30 000 \u20ac <\/td><\/tr><\/tbody><\/table><\/figure>\n\n\n\n<figure class=\"wp-block-table is-style-stripes\" style=\"margin-top:0;margin-right:var(--wp--preset--spacing--30);margin-bottom:0;margin-left:var(--wp--preset--spacing--20);font-size:20px\"><table style=\"border-style:none;border-width:0px\"><tbody><tr><td class=\"has-text-align-right\" data-align=\"right\"><strong>Funding to be secured<\/strong><\/td><td class=\"has-text-align-right\" data-align=\"right\"><strong>150 000 \u20ac<\/strong><\/td><\/tr><\/tbody><\/table><\/figure>\n\n\n\n<hr class=\"wp-block-separator has-text-color has-theme-palette-1-color has-alpha-channel-opacity has-theme-palette-1-background-color has-background is-style-wide\" style=\"margin-top:var(--wp--preset--spacing--50);margin-bottom:var(--wp--preset--spacing--50)\"\/>\n<\/div><\/div>\n\n<\/div><\/div><style>.kb-row-layout-id1453_e63f68-08 > .kt-row-column-wrap{align-content:start;}:where(.kb-row-layout-id1453_e63f68-08 > .kt-row-column-wrap) > .wp-block-kadence-column{justify-content:start;}.kb-row-layout-id1453_e63f68-08 > .kt-row-column-wrap{column-gap:var(--global-kb-gap-md, 2rem);row-gap:var(--global-kb-gap-md, 2rem);max-width:700px;margin-left:auto;margin-right:auto;padding-top:100px;padding-bottom:100px;grid-template-columns:minmax(0, 1fr);}.kb-row-layout-id1453_e63f68-08 > .kt-row-layout-overlay{opacity:0.55;background-color:var(--global-palette3, #1A202C);}.kb-row-layout-id1453_e63f68-08 .kt-row-layout-top-sep{height:100px;}.kb-row-layout-id1453_e63f68-08 .kt-row-layout-top-sep svg{width:100%;}.kb-row-layout-id1453_e63f68-08 .kt-row-layout-top-sep svg{fill:#ffffff!important;}@media all and (max-width: 1024px){.kb-row-layout-id1453_e63f68-08 > .kt-row-column-wrap{grid-template-columns:minmax(0, 1fr);}}@media all and (max-width: 767px){.kb-row-layout-id1453_e63f68-08 > .kt-row-column-wrap{grid-template-columns:minmax(0, 1fr);}}<\/style><div class=\"kb-row-layout-wrap kb-row-layout-id1453_e63f68-08 alignnone has-theme-palette1-background-color kt-row-has-bg wp-block-kadence-rowlayout\"><div class=\"kt-row-layout-overlay kt-row-overlay-normal\"><\/div><div class=\"kt-row-layout-top-sep kt-row-sep-type-crvi\"><svg viewBox=\"0 0 1000 100\" preserveAspectRatio=\"none\"><path d=\"M1000,0c0,0 -270.987,98 -500,98c-229.013,0 -500,-98 -500,-98l0,100l1000,0l0,-100Z\" \/><\/svg><\/div><div class=\"kt-row-column-wrap kt-has-1-columns kt-row-layout-equal kt-tab-layout-inherit kt-mobile-layout-row kt-row-valign-top\">\n<style>.kadence-column1453_063bc3-fc > .kt-inside-inner-col,.kadence-column1453_063bc3-fc > .kt-inside-inner-col:before{border-top-left-radius:0px;border-top-right-radius:0px;border-bottom-right-radius:0px;border-bottom-left-radius:0px;}.kadence-column1453_063bc3-fc > .kt-inside-inner-col{column-gap:var(--global-kb-gap-sm, 1rem);}.kadence-column1453_063bc3-fc > .kt-inside-inner-col{flex-direction:column;}.kadence-column1453_063bc3-fc > .kt-inside-inner-col > .aligncenter{width:100%;}.kadence-column1453_063bc3-fc > .kt-inside-inner-col:before{opacity:0.3;}.kadence-column1453_063bc3-fc{position:relative;}@media all and (max-width: 1024px){.kadence-column1453_063bc3-fc > .kt-inside-inner-col{flex-direction:column;justify-content:center;}}@media all and (max-width: 767px){.kadence-column1453_063bc3-fc > .kt-inside-inner-col{flex-direction:column;justify-content:center;}}<\/style>\n<div class=\"wp-block-kadence-column kadence-column1453_063bc3-fc inner-column-1\"><div class=\"kt-inside-inner-col\"><style>.wp-block-kadence-advancedheading.kt-adv-heading1453_e5755c-40, .wp-block-kadence-advancedheading.kt-adv-heading1453_e5755c-40[data-kb-block=\"kb-adv-heading1453_e5755c-40\"]{text-align:center;font-style:normal;}.wp-block-kadence-advancedheading.kt-adv-heading1453_e5755c-40 mark.kt-highlight, .wp-block-kadence-advancedheading.kt-adv-heading1453_e5755c-40[data-kb-block=\"kb-adv-heading1453_e5755c-40\"] mark.kt-highlight{font-style:normal;color:#f76a0c;-webkit-box-decoration-break:clone;box-decoration-break:clone;padding-top:0px;padding-right:0px;padding-bottom:0px;padding-left:0px;}.wp-block-kadence-advancedheading.kt-adv-heading1453_e5755c-40 img.kb-inline-image, .wp-block-kadence-advancedheading.kt-adv-heading1453_e5755c-40[data-kb-block=\"kb-adv-heading1453_e5755c-40\"] img.kb-inline-image{width:150px;vertical-align:baseline;}<\/style>\n<h6 class=\"kt-adv-heading1453_e5755c-40 wp-block-kadence-advancedheading has-theme-palette-9-color has-text-color\" data-kb-block=\"kb-adv-heading1453_e5755c-40\">support the foRUM<\/h6>\n\n\n<style>.wp-block-kadence-advancedheading.kt-adv-heading1453_6517fd-94, .wp-block-kadence-advancedheading.kt-adv-heading1453_6517fd-94[data-kb-block=\"kb-adv-heading1453_6517fd-94\"]{text-align:center;font-style:normal;}.wp-block-kadence-advancedheading.kt-adv-heading1453_6517fd-94 mark.kt-highlight, .wp-block-kadence-advancedheading.kt-adv-heading1453_6517fd-94[data-kb-block=\"kb-adv-heading1453_6517fd-94\"] mark.kt-highlight{font-style:normal;color:#f76a0c;-webkit-box-decoration-break:clone;box-decoration-break:clone;padding-top:0px;padding-right:0px;padding-bottom:0px;padding-left:0px;}.wp-block-kadence-advancedheading.kt-adv-heading1453_6517fd-94 img.kb-inline-image, .wp-block-kadence-advancedheading.kt-adv-heading1453_6517fd-94[data-kb-block=\"kb-adv-heading1453_6517fd-94\"] img.kb-inline-image{width:150px;vertical-align:baseline;}<\/style>\n<h2 class=\"kt-adv-heading1453_6517fd-94 wp-block-kadence-advancedheading has-theme-palette-9-color has-text-color\" data-kb-block=\"kb-adv-heading1453_6517fd-94\">Collaborate with us<\/h2>\n\n\n<style>.wp-block-kadence-advancedheading.kt-adv-heading1453_f1ccdf-1b, .wp-block-kadence-advancedheading.kt-adv-heading1453_f1ccdf-1b[data-kb-block=\"kb-adv-heading1453_f1ccdf-1b\"]{text-align:center;font-style:normal;}.wp-block-kadence-advancedheading.kt-adv-heading1453_f1ccdf-1b mark.kt-highlight, .wp-block-kadence-advancedheading.kt-adv-heading1453_f1ccdf-1b[data-kb-block=\"kb-adv-heading1453_f1ccdf-1b\"] mark.kt-highlight{font-style:normal;color:#f76a0c;-webkit-box-decoration-break:clone;box-decoration-break:clone;padding-top:0px;padding-right:0px;padding-bottom:0px;padding-left:0px;}.wp-block-kadence-advancedheading.kt-adv-heading1453_f1ccdf-1b img.kb-inline-image, .wp-block-kadence-advancedheading.kt-adv-heading1453_f1ccdf-1b[data-kb-block=\"kb-adv-heading1453_f1ccdf-1b\"] img.kb-inline-image{width:150px;vertical-align:baseline;}<\/style>\n<p class=\"kt-adv-heading1453_f1ccdf-1b wp-block-kadence-advancedheading has-theme-palette-9-color has-text-color\" data-kb-block=\"kb-adv-heading1453_f1ccdf-1b\">The Cordoba Forum is an independent, non-profit initiative. Your support helps us continue promoting spaces for dialogue and convivence.<\/p>\n\n\n<style>.wp-block-kadence-advancedbtn.kb-btns1453_fdeb50-36{gap:var(--global-kb-gap-xs, 0.5rem );justify-content:center;align-items:center;}.kt-btns1453_fdeb50-36 .kt-button{font-weight:normal;font-style:normal;}<\/style>\n<div class=\"wp-block-kadence-advancedbtn kb-buttons-wrap kb-btns1453_fdeb50-36\"><style>ul.menu .wp-block-kadence-advancedbtn .kb-btn1453_e6bb1d-3b.kb-button{width:initial;}.wp-block-kadence-advancedbtn .kb-btn1453_e6bb1d-3b.kb-button{color:var(--global-palette1, #3182CE);background:var(--global-palette9, #ffffff);}<\/style><a class=\"kb-button kt-button button kb-btn1453_e6bb1d-3b kt-btn-size-standard kt-btn-width-type-auto kb-btn-global-inherit  kt-btn-has-text-true kt-btn-has-svg-false  wp-block-button__link wp-block-kadence-singlebtn\" href=\"https:\/\/www.foroconvivenciacordoba.org\/en\/contact\/\"><span class=\"kt-btn-inner-text\">SUPPORT US<\/span><\/a><\/div>\n<\/div><\/div>\n\n<\/div><\/div>","protected":false},"excerpt":{"rendered":"<p>Provisional budget II C\u00f3rdoba Forum This is a provisional budget for the II C\u00f3rdoba Forum, based on the experience of the I C\u00f3rdoba Forum in 2019, whose projected budget amounted to approximately \u20ac160,000 and was broadly adhered to. This budget reflects the costs required to organise the event and may be adjusted according to needs&#8230;<\/p>\n","protected":false},"author":1,"featured_media":1241,"parent":0,"menu_order":0,"comment_status":"closed","ping_status":"closed","template":"","meta":{"_kad_blocks_custom_css":"","_kad_blocks_head_custom_js":"","_kad_blocks_body_custom_js":"","_kad_blocks_footer_custom_js":"","_kadence_starter_templates_imported_post":false,"_kad_post_transparent":"","_kad_post_title":"","_kad_post_layout":"","_kad_post_sidebar_id":"","_kad_post_content_style":"","_kad_post_vertical_padding":"","_kad_post_feature":"","_kad_post_feature_position":"","_kad_post_header":false,"_kad_post_footer":false,"footnotes":""},"class_list":["post-1312","page","type-page","status-publish","has-post-thumbnail","hentry"],"taxonomy_info":[],"featured_image_src_large":["https:\/\/www.foroconvivenciacordoba.org\/wp-content\/uploads\/2021\/10\/About-scaled-1-573x1024.jpeg",573,1024,true],"author_info":{"display_name":"administrador","author_link":"https:\/\/www.foroconvivenciacordoba.org\/en\/author\/administrador\/"},"comment_info":0,"_links":{"self":[{"href":"https:\/\/www.foroconvivenciacordoba.org\/en\/wp-json\/wp\/v2\/pages\/1312","targetHints":{"allow":["GET"]}}],"collection":[{"href":"https:\/\/www.foroconvivenciacordoba.org\/en\/wp-json\/wp\/v2\/pages"}],"about":[{"href":"https:\/\/www.foroconvivenciacordoba.org\/en\/wp-json\/wp\/v2\/types\/page"}],"author":[{"embeddable":true,"href":"https:\/\/www.foroconvivenciacordoba.org\/en\/wp-json\/wp\/v2\/users\/1"}],"replies":[{"embeddable":true,"href":"https:\/\/www.foroconvivenciacordoba.org\/en\/wp-json\/wp\/v2\/comments?post=1312"}],"version-history":[{"count":5,"href":"https:\/\/www.foroconvivenciacordoba.org\/en\/wp-json\/wp\/v2\/pages\/1312\/revisions"}],"predecessor-version":[{"id":2983,"href":"https:\/\/www.foroconvivenciacordoba.org\/en\/wp-json\/wp\/v2\/pages\/1312\/revisions\/2983"}],"wp:featuredmedia":[{"embeddable":true,"href":"https:\/\/www.foroconvivenciacordoba.org\/en\/wp-json\/wp\/v2\/media\/1241"}],"wp:attachment":[{"href":"https:\/\/www.foroconvivenciacordoba.org\/en\/wp-json\/wp\/v2\/media?parent=1312"}],"curies":[{"name":"wp","href":"https:\/\/api.w.org\/{rel}","templated":true}]}}